{"id":8920,"date":"2021-04-12T11:45:15","date_gmt":"2021-04-12T09:45:15","guid":{"rendered":"https:\/\/adrvizsga.hu\/senarai-kursus\/"},"modified":"2024-10-28T15:55:08","modified_gmt":"2024-10-28T14:55:08","slug":"senarai-kursus","status":"publish","type":"page","link":"https:\/\/adrvizsga.hu\/ms\/senarai-kursus\/","title":{"rendered":"Senarai kursus"},"content":{"rendered":"\t\t<div data-elementor-type=\"wp-page\" data-elementor-id=\"8920\" class=\"elementor elementor-8920 elementor-664\">\n\t\t\t\t\t\t<section class=\"elementor-section elementor-top-section elementor-element elementor-element-9b23f6c elementor-section-boxed elementor-section-height-default elementor-section-height-default\" data-id=\"9b23f6c\" data-element_type=\"section\" data-settings=\"{&quot;background_background&quot;:&quot;classic&quot;}\">\n\t\t\t\t\t\t<div class=\"elementor-container elementor-column-gap-default\">\n\t\t\t\t\t<div class=\"elementor-column elementor-col-100 elementor-top-column elementor-element elementor-element-f078b5a\" data-id=\"f078b5a\" data-element_type=\"column\">\n\t\t\t<div class=\"elementor-widget-wrap elementor-element-populated\">\n\t\t\t\t\t\t<div class=\"elementor-element elementor-element-28a96da elementor-widget elementor-widget-heading\" data-id=\"28a96da\" data-element_type=\"widget\" data-widget_type=\"heading.default\">\n\t\t\t\t<div class=\"elementor-widget-container\">\n\t\t\t<style>\/*! elementor - v3.23.0 - 05-08-2024 *\/\n.elementor-heading-title{padding:0;margin:0;line-height:1}.elementor-widget-heading .elementor-heading-title[class*=elementor-size-]>a{color:inherit;font-size:inherit;line-height:inherit}.elementor-widget-heading .elementor-heading-title.elementor-size-small{font-size:15px}.elementor-widget-heading .elementor-heading-title.elementor-size-medium{font-size:19px}.elementor-widget-heading .elementor-heading-title.elementor-size-large{font-size:29px}.elementor-widget-heading .elementor-heading-title.elementor-size-xl{font-size:39px}.elementor-widget-heading .elementor-heading-title.elementor-size-xxl{font-size:59px}<\/style><h2 class=\"elementor-heading-title elementor-size-default\">Kursus<\/h2>\t\t<\/div>\n\t\t\t\t<\/div>\n\t\t\t\t<div class=\"elementor-element elementor-element-5fbd2ec elementor-widget elementor-widget-text-editor\" data-id=\"5fbd2ec\" data-element_type=\"widget\" data-widget_type=\"text-editor.default\">\n\t\t\t\t<div class=\"elementor-widget-container\">\n\t\t\t<style>\/*! elementor - v3.23.0 - 05-08-2024 *\/\n.elementor-widget-text-editor.elementor-drop-cap-view-stacked .elementor-drop-cap{background-color:#69727d;color:#fff}.elementor-widget-text-editor.elementor-drop-cap-view-framed .elementor-drop-cap{color:#69727d;border:3px solid;background-color:transparent}.elementor-widget-text-editor:not(.elementor-drop-cap-view-default) .elementor-drop-cap{margin-top:8px}.elementor-widget-text-editor:not(.elementor-drop-cap-view-default) .elementor-drop-cap-letter{width:1em;height:1em}.elementor-widget-text-editor .elementor-drop-cap{float:left;text-align:center;line-height:1;font-size:50px}.elementor-widget-text-editor .elementor-drop-cap-letter{display:inline-block}<\/style>\t\t\t\t<p>Jadikan pembelajaran dan pengajaran lebih berkesan dengan penyertaan aktif dan kerjasama pelajar<\/p>\n\t\t\t\t\t\t<\/div>\n\t\t\t\t<\/div>\n\t\t\t\t\t<\/div>\n\t\t<\/div>\n\t\t\t\t\t<\/div>\n\t\t<\/section>\n\t\t\t\t<section class=\"elementor-section elementor-top-section elementor-element elementor-element-2991d28 elementor-section-boxed elementor-section-height-default elementor-section-height-default\" data-id=\"2991d28\" data-element_type=\"section\">\n\t\t\t\t\t\t<div class=\"elementor-container elementor-column-gap-default\">\n\t\t\t\t\t<div class=\"elementor-column elementor-col-100 elementor-top-column elementor-element elementor-element-33ab67d\" data-id=\"33ab67d\" data-element_type=\"column\">\n\t\t\t<div class=\"elementor-widget-wrap elementor-element-populated\">\n\t\t\t\t\t\t<div class=\"elementor-element elementor-element-8388ac4 elementor-widget elementor-widget-html\" data-id=\"8388ac4\" data-element_type=\"widget\" data-widget_type=\"html.default\">\n\t\t\t\t<div class=\"elementor-widget-container\">\n\t\t\t<style>span.tutor-course-wishlist {\n    display: none;\n}\n.tutor-course-loop-meta {\n    display: none;\n}\n.tutor-course-search-field {\n    margin-top: 10%;\n}\n.tutor-course-filter-wrap {\n    display: none;\n}\n.tutor-course-lising-category {\n    display: none !important;\n}\n@media (max-width: 767px) {\n.elementor-icon-box-wrapper {\n    display: inline-flex;\n}\n.elementor-widget:not(:last-child) {\n    margin-bottom: 0px;\n}\n}\n@media (max-width: 767px) {\n.tutor-course-filter-wrapper .tutor-course-filter-container>div>div {\n    padding-right: 20px;\n}\n.tutor-wrap.tutor-courses-wrap.tutor-container.tutor-course-filter-loop-container {\n    margin-top: 20px;\n}\n}\n<\/style>\t\t<\/div>\n\t\t\t\t<\/div>\n\t\t\t\t<div class=\"elementor-element elementor-element-efbb1cd elementor-widget elementor-widget-shortcode\" data-id=\"efbb1cd\" data-element_type=\"widget\" data-widget_type=\"shortcode.default\">\n\t\t\t\t<div class=\"elementor-widget-container\">\n\t\t\t\t\t<div class=\"elementor-shortcode\">\n<div class=\"tutor-wrap tutor-wrap-parent tutor-courses-wrap tutor-container course-archive-page\" data-tutor_courses_meta=\"{&quot;course_filter&quot;:true,&quot;supported_filters&quot;:{&quot;search&quot;:&quot;search&quot;,&quot;category&quot;:&quot;category&quot;,&quot;tag&quot;:&quot;tag&quot;,&quot;difficulty_level&quot;:&quot;difficulty_level&quot;},&quot;loop_content_only&quot;:false,&quot;column_per_row&quot;:&quot;3&quot;,&quot;course_per_page&quot;:9,&quot;show_pagination&quot;:false}\">\n\t\t\t<div class=\"tutor-d-block tutor-d-lg-none tutor-mb-32\">\n\t\t\t<div class=\"tutor-d-flex tutor-align-center tutor-justify-between\">\n\t\t\t\t<span class=\"tutor-fs-3 tutor-fw-medium tutor-color-black\">Courses<\/span>\n\t\t\t\t<a href=\"#\" class=\"tutor-iconic-btn tutor-iconic-btn-secondary tutor-iconic-btn-md\" tutor-toggle-course-filter><span class=\"tutor-icon-slider-vertical\"><\/span><\/a>\n\t\t\t<\/div>\n\t\t<\/div>\n\t\n\t<div class=\"tutor-row tutor-gx-xl-5\">\n\t\t\t\t\t<div class=\"tutor-col-3 tutor-course-filter-container\">\n\t\t\t\t<div class=\"tutor-course-filter\" tutor-course-filter>\n\t\t\t\t\t\n<form class=\"tutor-course-filter-form tutor-form\">\n\t<div class=\"tutor-mb-16 tutor-d-block tutor-d-lg-none tutor-text-right\">\n\t\t<a href=\"#\" class=\"tutor-iconic-btn tutor-mr-n8\" tutor-hide-course-filter><span class=\"tutor-icon-times\" area-hidden=\"true\"><\/span><\/a>\n\t<\/div>\n\n\t\n\t\t\t<div class=\"tutor-widget tutor-widget-search\">\n\t\t\t<div class=\"tutor-form-wrap\">\n\t\t\t\t<span class=\"tutor-icon-search tutor-form-icon\" area-hidden=\"true\"><\/span>\n\t\t\t\t<input type=\"Search\" class=\"tutor-form-control\" name=\"keyword\" placeholder=\"Search\"\/>\n\t\t\t<\/div>\n\t\t<\/div>\n\t\n\t\n\t\t\t<div class=\"tutor-widget tutor-widget-course-categories tutor-mt-48\">\n\t\t\t<h3 class=\"tutor-widget-title\">\n\t\t\t\tCategory\t\t\t<\/h3>\n\n\t\t\t<div class=\"tutor-widget-content\">\n\t\t\t\t<ul class=\"tutor-list\">\n\t\t\t\t\t\t\t\t\t<li class=\"tutor-list-item\">\n\t\t\t\t\t<label>\n\t\t\t\t\t\t<input type=\"checkbox\" class=\"tutor-form-check-input\"  name=\"tutor-course-filter-category\" value=\"63\" \/>\n\t\t\t\t\t\tADR\t\t\t\t\t<\/label>\n\t\t\t\t<\/li>\n\t\t\t\t\t\t\t\t\t\t\t<\/ul>\n\t\t\t<\/div>\n\t\t<\/div>\n\t\n\t\t\t<div class=\"tutor-widget tutor-widget-course-tags tutor-mt-48\">\n\t\t\t<h3 class=\"tutor-widget-title\">\n\t\t\t\tTag\t\t\t<\/h3>\n\n\t\t\t<div class=\"tutor-widget-content\">\n\t\t\t\t<ul class=\"tutor-list\">\n\t\t\t\t\t\t\t\t\t<li class=\"tutor-list-item\">\n\t\t\t\t\t<label>\n\t\t\t\t\t\t<input type=\"checkbox\" class=\"tutor-form-check-input\"  name=\"tutor-course-filter-tag\" value=\"65\" \/>\n\t\t\t\t\t\tADR oszt\u00e1lyai\t\t\t\t\t<\/label>\n\t\t\t\t<\/li>\n\t\t\t\t\t\t\t\t\t\t\t<li class=\"tutor-list-item\">\n\t\t\t\t\t<label>\n\t\t\t\t\t\t<input type=\"checkbox\" class=\"tutor-form-check-input\"  name=\"tutor-course-filter-tag\" value=\"64\" \/>\n\t\t\t\t\t\tvesz\u00e9lyes \u00e1ru sz\u00e1ll\u00edt\u00e1s\t\t\t\t\t<\/label>\n\t\t\t\t<\/li>\n\t\t\t\t\t\t\t\t\t\t\t<\/ul>\n\t\t\t<\/div>\n\t\t<\/div>\n\t\n\t\t\t<div class=\"tutor-widget tutor-widget-course-levels tutor-mt-48\">\n\t\t\t<h3 class=\"tutor-widget-title\">\n\t\t\t\tLevel\t\t\t<\/h3>\n\n\t\t\t<div class=\"tutor-widget-content\">\n\t\t\t\t<ul class=\"tutor-list\">\n\t\t\t\t\t\t\t\t\t<li class=\"tutor-list-item\">\n\t\t\t\t\t\t<label>\n\t\t\t\t\t\t\t<input type=\"checkbox\" class=\"tutor-form-check-input\" id=\"all_levels\" name=\"tutor-course-filter-level\" value=\"all_levels\"\/>\n\t\t\t\t\t\tAll Levels\t\t\t\t\t\t<\/label>\n\t\t\t\t\t<\/li>\n\t\t\t\t\t\t\t\t\t<li class=\"tutor-list-item\">\n\t\t\t\t\t\t<label>\n\t\t\t\t\t\t\t<input type=\"checkbox\" class=\"tutor-form-check-input\" id=\"beginner\" name=\"tutor-course-filter-level\" value=\"beginner\"\/>\n\t\t\t\t\t\tBeginner\t\t\t\t\t\t<\/label>\n\t\t\t\t\t<\/li>\n\t\t\t\t\t\t\t\t\t<li class=\"tutor-list-item\">\n\t\t\t\t\t\t<label>\n\t\t\t\t\t\t\t<input type=\"checkbox\" class=\"tutor-form-check-input\" id=\"intermediate\" name=\"tutor-course-filter-level\" value=\"intermediate\"\/>\n\t\t\t\t\t\tIntermediate\t\t\t\t\t\t<\/label>\n\t\t\t\t\t<\/li>\n\t\t\t\t\t\t\t\t\t<li class=\"tutor-list-item\">\n\t\t\t\t\t\t<label>\n\t\t\t\t\t\t\t<input type=\"checkbox\" class=\"tutor-form-check-input\" id=\"expert\" name=\"tutor-course-filter-level\" value=\"expert\"\/>\n\t\t\t\t\t\tExpert\t\t\t\t\t\t<\/label>\n\t\t\t\t\t<\/li>\n\t\t\t\t\t\t\t\t<\/ul>\n\t\t\t<\/div>\n\t\t<\/div>\n\t\n\t\n\t<div class=\"tutor-widget tutor-widget-course-filter tutor-mt-32\">\n\t\t<div class=\"tutor-widget-content\">\n\t\t\t<a href=\"#\" class=\"tutor-btn tutor-btn-outline-primary tutor-btn-sm\" onclick=\"window.location.replace('https:\/\/adrvizsga.hu\/ms\/wp-json\/wp\/v2\/pages\/8920\/')\" action-tutor-clear-filter>\n\t\t\t\t<i class=\"tutor-icon-times tutor-mr-8\"><\/i> Clear All Filters\t\t\t<\/a>\n\t\t<\/div>\n\t<\/div>\n\t<\/form>\n\t\t\t\t<\/div>\n\t\t\t<\/div>\n\n\t\t\t<!--  -->\n\n\t\t\t<div class=\"tutor-col-xl-9 \">\n\t\t\t\t<div>\n\t\t\t\t\t\n<!--\n\tNote: Do not remove tutor-course-filter attr. It required by _archive.js for filter function.\n!-->\n<div style=\"text-align: right;\" class=\"tutor-course-filter\" tutor-course-filter>\n\t<form style=\"display: inline-block;\">\n\t\t<select class=\"tutor-form-select\" name=\"course_order\">\n\t\t\t<option value=\"newest_first\"  >\n\t\t\t\tRelease Date (newest first)\t\t\t<\/option>\n\t\t\t<option value=\"oldest_first\" >\n\t\t\t\tRelease Date (oldest first)\t\t\t<\/option>\n\t\t\t<option value=\"course_title_az\" >\n\t\t\t\tCourse Title (a-z)\t\t\t<\/option>\n\t\t\t<option value=\"course_title_za\" >\n\t\t\t\tCourse Title (z-a)\t\t\t<\/option>\n\t\t<\/select>\n\t<\/form>\n<\/div>\n<br\/>\n\t\t\t\t<\/div>\n\t\t\t\t<div class=\"tutor-pagination-wrapper-replaceable\" tutor-course-list-container>\n\t\t\t\t\t<div class=\"tutor-course-list tutor-grid tutor-grid-3\">\n<div class=\"tutor-card tutor-course-card\">\n\n<div class=\"tutor-course-thumbnail\">\n\t<a href=\"https:\/\/adrvizsga.hu\/ms\/kurzusok\/latihan-mengikut-bab-1-3-adr\/\" class=\"tutor-d-block\">\n\t\t<div class=\"tutor-ratio tutor-ratio-16x9\">\n\t\t\t<img decoding=\"async\" class=\"tutor-card-image-top\" src=\"https:\/\/adrvizsga.hu\/wp-content\/uploads\/2024\/10\/Cover2-Malay.png\" alt=\"Latihan mengikut Bab 1.3 ADR\" loading=\"lazy\">\n\t\t<\/div>\n\t<\/a>\n\t<\/div>\n\n<div class=\"tutor-course-bookmark\">\n\t<a href=\"javascript:;\"  class=\"tutor-open-login-modal save-bookmark-btn tutor-iconic-btn tutor-iconic-btn-secondary\" data-course-id=\"8946\">\n            <i class=\"tutor-icon-bookmark-line\"><\/i>\n        <\/a><\/div>\n\n<div class=\"tutor-card-body\">\n\n<div class=\"tutor-course-ratings tutor-mb-8\">\n\t\t<div class=\"tutor-ratings\">\n\t\t<div class=\"tutor-ratings-stars\">\n\t\t\t<span class=\"tutor-icon-star-line\" data-rating-value=\"1\"><\/span><span class=\"tutor-icon-star-line\" data-rating-value=\"2\"><\/span><span class=\"tutor-icon-star-line\" data-rating-value=\"3\"><\/span><span class=\"tutor-icon-star-line\" data-rating-value=\"4\"><\/span><span class=\"tutor-icon-star-line\" data-rating-value=\"5\"><\/span>\t\t<\/div>\n\n\t\t\t<\/div>\n\t<\/div>\n\n<h3 class=\"tutor-course-name tutor-fs-5 tutor-fw-medium\" title=\"Latihan mengikut Bab 1.3 ADR\">\n\t<a href=\"https:\/\/adrvizsga.hu\/ms\/kurzusok\/latihan-mengikut-bab-1-3-adr\/\">Latihan mengikut Bab 1.3 ADR<\/a>\n<\/h3>\n\n<div class=\"tutor-meta tutor-mt-12 tutor-mb-20\">\n\t\t\t<div>\n\t\t\t<span class=\"tutor-meta-icon tutor-icon-user-line\" area-hidden=\"true\"><\/span>\n\t\t\t<span class=\"tutor-meta-value\">1<\/span>\n\t\t<\/div>\n\t\n\t<\/div>\n\n<div class=\"tutor-meta tutor-mt-auto\">\n\t<div>\n\t\t<a href=\"https:\/\/adrvizsga.hu\/ms\/profile\/bogi?view=instructor\" class=\"tutor-d-flex\">\n\t\t\t<div class=\"tutor-avatar\"><div class=\"tutor-ratio tutor-ratio-1x1\"><img decoding=\"async\" src=\"https:\/\/adrvizsga.hu\/wp-content\/uploads\/2024\/07\/logologo-1-150x150.jpg\" alt=\"Farag\u00f3 Bogl\u00e1rka\" \/> <\/div><\/div>\t\t<\/a>\n\t<\/div>\n\n\t<div>\n\t\tBy\t\t<a href=\"https:\/\/adrvizsga.hu\/ms\/profile\/bogi?view=instructor\">Farag\u00f3 Bogl\u00e1rka<\/a>\n\n\t\t\t\t\tIn\t\t\t<a href=\"https:\/\/adrvizsga.hu\/course-category\/veszelyes-anyagok-szallitasa\/?tutor-course-filter-category=63\">ADR<\/a>\t\t\t<\/div>\n<\/div>\n\n<\/div>\n\n<div class=\"tutor-card-footer\">\n\t<div class=\"tutor-course-list-btn\"><a href=\"https:\/\/adrvizsga.hu\/ms\/kurzusok\/latihan-mengikut-bab-1-3-adr\/\" class=\"tutor-btn tutor-btn-outline-primary tutor-btn-md tutor-btn-block tutor-open-login-modal \" data-course-id=\"8946\">Enroll Course<\/a><\/div><\/div>\n<\/div>\n<\/div>\n \n\t\t\t\t<\/div>\n\t\t\t<\/div>\n\t\t\t<\/div>\n<\/div>\n\n\n\n<div class=\"tutor-modal tutor-login-modal\">\n\t<div class=\"tutor-modal-overlay\"><\/div>\n\t<div class=\"tutor-modal-window tutor-modal-window-sm\">\n\t\t<div class=\"tutor-modal-content tutor-modal-content-white\">\n\t\t\t<button class=\"tutor-iconic-btn tutor-modal-close-o\" data-tutor-modal-close>\n\t\t\t\t<span class=\"tutor-icon-times\" area-hidden=\"true\"><\/span>\n\t\t\t<\/button>\n\n\t\t\t<div class=\"tutor-modal-body\">\n\t\t\t\t<div class=\"tutor-py-48\">\n\t\t\t\t\t\t\t\t\t\t<div class=\"tutor-fs-4 tutor-fw-medium tutor-color-black tutor-mb-32\">Hi, Welcome back!<\/div>\n\t\t\t\t\t<form id=\"tutor-login-form\" method=\"post\">\n\t\t<input type=\"hidden\" id=\"_tutor_nonce\" name=\"_tutor_nonce\" value=\"b5d85d8d56\" \/><input type=\"hidden\" name=\"_wp_http_referer\" value=\"\/ms\/wp-json\/wp\/v2\/pages\/8920\" \/>\t<input type=\"hidden\" name=\"tutor_action\" value=\"tutor_user_login\" \/>\n\t<input type=\"hidden\" name=\"redirect_to\" value=\"https:\/\/adrvizsga.hu\/ms\/wp-json\/wp\/v2\/pages\/8920\" \/>\n\n\t<div class=\"tutor-mb-20\">\n\t\t<input type=\"text\" class=\"tutor-form-control\" placeholder=\"Username or Email Address\" name=\"log\" value=\"\" size=\"20\" required\/>\n\t<\/div>\n\n\t<div class=\"tutor-mb-32\">\n\t\t<input type=\"password\" class=\"tutor-form-control\" placeholder=\"Password\" name=\"pwd\" value=\"\" size=\"20\" required\/>\n\t<\/div>\n\n\t<div class=\"tutor-login-error\"><\/div>\n\t\t<div class=\"tutor-d-flex tutor-justify-between tutor-align-center tutor-mb-40\">\n\t\t<div class=\"tutor-form-check\">\n\t\t\t<input id=\"tutor-login-agmnt-1\" type=\"checkbox\" class=\"tutor-form-check-input tutor-bg-black-40\" name=\"rememberme\" value=\"forever\" \/>\n\t\t\t<label for=\"tutor-login-agmnt-1\" class=\"tutor-fs-7 tutor-color-muted\">\n\t\t\t\tKeep me signed in\t\t\t<\/label>\n\t\t<\/div>\n\t\t<a href=\"https:\/\/adrvizsga.hu\/vezerlopult\/retrieve-password\" class=\"tutor-btn tutor-btn-ghost\">\n\t\t\tForgot?\t\t<\/a>\n\t<\/div>\n\n\t\t<button type=\"submit\" class=\"tutor-btn tutor-btn-primary tutor-btn-block\">\n\t\tSign In\t<\/button>\n\t\n\t\t\t\t\t<div class=\"tutor-text-center tutor-fs-6 tutor-color-secondary tutor-mt-20\">\n\t\t\tDon&#039;t have an account?&nbsp;\n\t\t\t<a href=\"https:\/\/adrvizsga.hu\/hallgatoi-regisztracio\/?redirect_to=https:\/\/adrvizsga.hu\/ms\/wp-json\/wp\/v2\/pages\/8920\" class=\"tutor-btn tutor-btn-link\">\n\t\t\t\tRegister Now\t\t\t<\/a>\n\t\t<\/div>\n\t\t<\/form>\n<script>\n\tdocument.addEventListener('DOMContentLoaded', function() {\n\t\tvar { __ } = wp.i18n;\n\t\tvar loginModal = document.querySelector('.tutor-modal.tutor-login-modal');\n\t\tvar errors = [];\n\t\tif (loginModal && errors.length) {\n\t\t\tloginModal.classList.add('tutor-is-active');\n\t\t}\n\t});\n<\/script>\n\n\t\t\t\t\t\t\t\t\t<\/div>\n\t\t\t\t\t\t\t<\/div>\n\t\t<\/div>\n\t<\/div>\n<\/div>\n<\/div>\n\t\t\t\t<\/div>\n\t\t\t\t<\/div>\n\t\t\t\t\t<\/div>\n\t\t<\/div>\n\t\t\t\t\t<\/div>\n\t\t<\/section>\n\t\t\t\t<\/div>\n\t\t","protected":false},"excerpt":{"rendered":"<p>Kursus Jadikan pembelajaran dan pengajaran lebih berkesan dengan penyertaan aktif dan kerjasama pelajar<\/p>\n","protected":false},"author":1,"featured_media":0,"parent":0,"menu_order":0,"comment_status":"closed","ping_status":"closed","template":"elementor_header_footer","meta":{"_tutorstarter_page_metadata":[],"footnotes":""},"class_list":["post-8920","page","type-page","status-publish","hentry"],"_links":{"self":[{"href":"https:\/\/adrvizsga.hu\/ms\/wp-json\/wp\/v2\/pages\/8920","targetHints":{"allow":["GET"]}}],"collection":[{"href":"https:\/\/adrvizsga.hu\/ms\/wp-json\/wp\/v2\/pages"}],"about":[{"href":"https:\/\/adrvizsga.hu\/ms\/wp-json\/wp\/v2\/types\/page"}],"author":[{"embeddable":true,"href":"https:\/\/adrvizsga.hu\/ms\/wp-json\/wp\/v2\/users\/1"}],"replies":[{"embeddable":true,"href":"https:\/\/adrvizsga.hu\/ms\/wp-json\/wp\/v2\/comments?post=8920"}],"version-history":[{"count":1,"href":"https:\/\/adrvizsga.hu\/ms\/wp-json\/wp\/v2\/pages\/8920\/revisions"}],"predecessor-version":[{"id":8923,"href":"https:\/\/adrvizsga.hu\/ms\/wp-json\/wp\/v2\/pages\/8920\/revisions\/8923"}],"wp:attachment":[{"href":"https:\/\/adrvizsga.hu\/ms\/wp-json\/wp\/v2\/media?parent=8920"}],"curies":[{"name":"wp","href":"https:\/\/api.w.org\/{rel}","templated":true}]}}