{"id":8365,"date":"2021-04-19T10:32:29","date_gmt":"2021-04-19T08:32:29","guid":{"rendered":"https:\/\/adrvizsga.hu\/%ec%97%b0%eb%9d%bd%ec%b2%98\/"},"modified":"2024-08-27T17:41:43","modified_gmt":"2024-08-27T15:41:43","slug":"%ec%97%b0%eb%9d%bd%ec%b2%98","status":"publish","type":"page","link":"https:\/\/adrvizsga.hu\/ko\/%ec%97%b0%eb%9d%bd%ec%b2%98\/","title":{"rendered":"\uc5f0\ub77d\ucc98"},"content":{"rendered":"\t\t<div data-elementor-type=\"wp-page\" data-elementor-id=\"8365\" class=\"elementor elementor-8365 elementor-1705\">\n\t\t\t\t\t\t<section class=\"elementor-section elementor-top-section elementor-element elementor-element-bf2d295 elementor-section-boxed elementor-section-height-default elementor-section-height-default\" data-id=\"bf2d295\" data-element_type=\"section\" data-settings=\"{&quot;background_background&quot;:&quot;classic&quot;}\">\n\t\t\t\t\t\t<div class=\"elementor-container elementor-column-gap-default\">\n\t\t\t\t\t<div class=\"elementor-column elementor-col-100 elementor-top-column elementor-element elementor-element-3f48a10\" data-id=\"3f48a10\" data-element_type=\"column\">\n\t\t\t<div class=\"elementor-widget-wrap elementor-element-populated\">\n\t\t\t\t\t\t<div class=\"elementor-element elementor-element-94d10e2 elementor-widget elementor-widget-heading\" data-id=\"94d10e2\" data-element_type=\"widget\" data-widget_type=\"heading.default\">\n\t\t\t\t<div class=\"elementor-widget-container\">\n\t\t\t<style>\/*! elementor - v3.23.0 - 05-08-2024 *\/\n.elementor-heading-title{padding:0;margin:0;line-height:1}.elementor-widget-heading .elementor-heading-title[class*=elementor-size-]>a{color:inherit;font-size:inherit;line-height:inherit}.elementor-widget-heading .elementor-heading-title.elementor-size-small{font-size:15px}.elementor-widget-heading .elementor-heading-title.elementor-size-medium{font-size:19px}.elementor-widget-heading .elementor-heading-title.elementor-size-large{font-size:29px}.elementor-widget-heading .elementor-heading-title.elementor-size-xl{font-size:39px}.elementor-widget-heading .elementor-heading-title.elementor-size-xxl{font-size:59px}<\/style><h2 class=\"elementor-heading-title elementor-size-default\">\uc5f0\ub77d\ucc98<\/h2>\t\t<\/div>\n\t\t\t\t<\/div>\n\t\t\t\t<div class=\"elementor-element elementor-element-86fe665 elementor-widget elementor-widget-text-editor\" data-id=\"86fe665\" data-element_type=\"widget\" data-widget_type=\"text-editor.default\">\n\t\t\t\t<div class=\"elementor-widget-container\">\n\t\t\t<style>\/*! elementor - v3.23.0 - 05-08-2024 *\/\n.elementor-widget-text-editor.elementor-drop-cap-view-stacked .elementor-drop-cap{background-color:#69727d;color:#fff}.elementor-widget-text-editor.elementor-drop-cap-view-framed .elementor-drop-cap{color:#69727d;border:3px solid;background-color:transparent}.elementor-widget-text-editor:not(.elementor-drop-cap-view-default) .elementor-drop-cap{margin-top:8px}.elementor-widget-text-editor:not(.elementor-drop-cap-view-default) .elementor-drop-cap-letter{width:1em;height:1em}.elementor-widget-text-editor .elementor-drop-cap{float:left;text-align:center;line-height:1;font-size:50px}.elementor-widget-text-editor .elementor-drop-cap-letter{display:inline-block}<\/style>\t\t\t\t<p>\uc5ec\ub7ec\ubd84\uc758 \uc801\uadf9\uc801\uc778 \ucc38\uc5ec\ub85c \ud559\uc2b5 \ud6a8\uacfc\ub97c \ub354\uc6b1 \ub192\uc774\uc138\uc694!<\/p>\n\t\t\t\t\t\t<\/div>\n\t\t\t\t<\/div>\n\t\t\t\t\t<\/div>\n\t\t<\/div>\n\t\t\t\t\t<\/div>\n\t\t<\/section>\n\t\t\t\t<section class=\"elementor-section elementor-top-section elementor-element elementor-element-07720b1 elementor-section-content-middle elementor-section-boxed elementor-section-height-default elementor-section-height-default\" data-id=\"07720b1\" data-element_type=\"section\">\n\t\t\t\t\t\t<div class=\"elementor-container elementor-column-gap-wider\">\n\t\t\t\t\t<div class=\"elementor-column elementor-col-50 elementor-top-column elementor-element elementor-element-1980103\" data-id=\"1980103\" data-element_type=\"column\">\n\t\t\t<div class=\"elementor-widget-wrap elementor-element-populated\">\n\t\t\t\t\t\t<div class=\"elementor-element elementor-element-7f0e8ac elementor-widget elementor-widget-heading\" data-id=\"7f0e8ac\" data-element_type=\"widget\" data-widget_type=\"heading.default\">\n\t\t\t\t<div class=\"elementor-widget-container\">\n\t\t\t<h2 class=\"elementor-heading-title elementor-size-default\">\uc628\ub77c\uc778 \ud559\uc2b5\uc740 \ud558\ub8e8 24\uc2dc\uac04 \uc774\uc6a9\ud560 \uc218 \uc788\uc2b5\ub2c8\ub2e4.<\/h2>\t\t<\/div>\n\t\t\t\t<\/div>\n\t\t\t\t<div class=\"elementor-element elementor-element-4bbd885 elementor-widget elementor-widget-html\" data-id=\"4bbd885\" data-element_type=\"widget\" data-widget_type=\"html.default\">\n\t\t\t\t<div class=\"elementor-widget-container\">\n\t\t\t<!DOCTYPE html><html><style>form {\n       padding: 10px;\n    }\n    :placeholder {\n        color: rgba(10, 8, 59, 0.5);\n    }\n    label {\n        color: #0A083B;\n        font-family: Inter;\n        font-size: 16px;\n        line-height: 24px;\n        font-weight: 600;\n    }\n    input {\n        padding: 20px 25px;\n        margin: 10px 0 0px;\n        border: 2px solid #E8E7ED;\n        border-radius: 6px;\n    }\n    input:focus, textarea:focus {\n        outline: 0;\n    }\n    input[type=\"text\"],input[type=\"email\"] {\n         width: 100%;\n        font-family: Inter;\n        font-weight: 400;\n        font-size: 16px;\n        line-height: 19px;\n        color: rgba(10, 8, 59, 0.50);\n    }\n    textarea {\n        width: 100%;\n        height: 135px;\n        padding: 20px 25px;\n        margin: 10px 0 0px;\n        border: 2px solid #E8E7ED;\n        border-radius: 6px;\n        font-family: Inter;\n        font-weight: 400;\n        font-size: 16px;\n        line-height: 19px;\n    }\n    .form-button {\n        font-family: Inter;\n        font-weight: 600;\n        font-size: 16px;\n        line-height: 19px;\n        padding: 16px 34px;\n        color: #fff;\n        background-color: #1950D1;\n        border-radius: 33px;\n        cursor: pointer;\n        float: right;\n        margin-top: 40px;\n    }\n    .form-button:hover {\n        background-color: #175CFF;\n        transition: .6s;\n    }\n    @media (max-width:768px) {\n        input {\n        padding: 15px 15px;\n    }\n    input[type=\"text\"],input[type=\"email\"] {\n        font-size: 14px;\n        line-height: 19px;\n    }\n     textarea {\n        font-size: 14px;\n         padding: 15px 15px;\n         height: 100px;\n    }\n    }\n    \n    <\/style><body><form action=\"\/action_page.php\"><label for=\"fname\">N\u00e9v <\/label><br\/><input type=\"text\" name=\"fname\" id=\"fname\" value=\"\" placeholder=\"Hogy sz\u00f3l\u00edthatunk?\"><br\/><br\/><label for=\"email\">Email <\/label><br\/><input type=\"email\" name=\"email\" id=\"email\" value=\"\" placeholder=\"Hova k\u00fcldj\u00fck a v\u00e1laszt?\"> <br\/> <br\/><label for=\"fname\">T\u00e1rgy <\/label><br\/><input type=\"text\" name=\"fname\" id=\"fname\" value=\"\" placeholder=\"T\u00e1rgy vagy telefonsz\u00e1m\"><br\/><br\/><label for=\"text\"> \u00dczenet <\/label><br\/><textarea placeholder=\"Miben tudunk seg\u00edteni?\" rows=\"7\"><\/textarea><a href=\"#\" class=\"form-button\">\u00dczenet k\u00fcld\u00e9se<\/a><\/form><\/body><\/html>\t\t<\/div>\n\t\t\t\t<\/div>\n\t\t\t\t\t<\/div>\n\t\t<\/div>\n\t\t\t\t<div class=\"elementor-column elementor-col-50 elementor-top-column elementor-element elementor-element-324f620\" data-id=\"324f620\" data-element_type=\"column\">\n\t\t\t<div class=\"elementor-widget-wrap elementor-element-populated\">\n\t\t\t\t\t\t<div class=\"elementor-element elementor-element-d71e495 elementor-widget elementor-widget-heading\" data-id=\"d71e495\" data-element_type=\"widget\" data-widget_type=\"heading.default\">\n\t\t\t\t<div class=\"elementor-widget-container\">\n\t\t\t<h2 class=\"elementor-heading-title elementor-size-default\">\uc804\ud654 \uc8fc\uc138\uc694!<\/h2>\t\t<\/div>\n\t\t\t\t<\/div>\n\t\t\t\t<div class=\"elementor-element elementor-element-af23869 elementor-widget elementor-widget-text-editor\" data-id=\"af23869\" data-element_type=\"widget\" data-widget_type=\"text-editor.default\">\n\t\t\t\t<div class=\"elementor-widget-container\">\n\t\t\t\t\t\t\t<p>+36704116696<\/p>\n\t\t\t\t\t\t<\/div>\n\t\t\t\t<\/div>\n\t\t\t\t<div class=\"elementor-element elementor-element-27322d6 elementor-widget elementor-widget-heading\" data-id=\"27322d6\" data-element_type=\"widget\" data-widget_type=\"heading.default\">\n\t\t\t\t<div class=\"elementor-widget-container\">\n\t\t\t<h2 class=\"elementor-heading-title elementor-size-default\">\uc774\uba54\uc77c\uc744 \ubcf4\ub0b4\uc8fc\uc138\uc694!<\/h2>\t\t<\/div>\n\t\t\t\t<\/div>\n\t\t\t\t<div class=\"elementor-element elementor-element-c1b82db elementor-widget elementor-widget-text-editor\" data-id=\"c1b82db\" data-element_type=\"widget\" data-widget_type=\"text-editor.default\">\n\t\t\t\t<div class=\"elementor-widget-container\">\n\t\t\t\t\t\t\t<p>ravigakft@gmail.com<\/p><\/p>\n\t\t\t\t\t\t<\/div>\n\t\t\t\t<\/div>\n\t\t\t\t\t<\/div>\n\t\t<\/div>\n\t\t\t\t\t<\/div>\n\t\t<\/section>\n\t\t\t\t<\/div>\n\t\t","protected":false},"excerpt":{"rendered":"<p>\uc5f0\ub77d\ucc98 \uc5ec\ub7ec\ubd84\uc758 \uc801\uadf9\uc801\uc778 \ucc38\uc5ec\ub85c \ud559\uc2b5 \ud6a8\uacfc\ub97c \ub354\uc6b1 \ub192\uc774\uc138\uc694! \uc628\ub77c\uc778 \ud559\uc2b5\uc740 \ud558\ub8e8 24\uc2dc\uac04 \uc774\uc6a9\ud560 \uc218 \uc788\uc2b5\ub2c8\ub2e4. N\u00e9v Email T\u00e1rgy \u00dczenet \u00dczenet<\/p>\n","protected":false},"author":1,"featured_media":0,"parent":0,"menu_order":0,"comment_status":"closed","ping_status":"closed","template":"elementor_header_footer","meta":{"_tutorstarter_page_metadata":[],"footnotes":""},"class_list":["post-8365","page","type-page","status-publish","hentry"],"_links":{"self":[{"href":"https:\/\/adrvizsga.hu\/ko\/wp-json\/wp\/v2\/pages\/8365","targetHints":{"allow":["GET"]}}],"collection":[{"href":"https:\/\/adrvizsga.hu\/ko\/wp-json\/wp\/v2\/pages"}],"about":[{"href":"https:\/\/adrvizsga.hu\/ko\/wp-json\/wp\/v2\/types\/page"}],"author":[{"embeddable":true,"href":"https:\/\/adrvizsga.hu\/ko\/wp-json\/wp\/v2\/users\/1"}],"replies":[{"embeddable":true,"href":"https:\/\/adrvizsga.hu\/ko\/wp-json\/wp\/v2\/comments?post=8365"}],"version-history":[{"count":1,"href":"https:\/\/adrvizsga.hu\/ko\/wp-json\/wp\/v2\/pages\/8365\/revisions"}],"predecessor-version":[{"id":8366,"href":"https:\/\/adrvizsga.hu\/ko\/wp-json\/wp\/v2\/pages\/8365\/revisions\/8366"}],"wp:attachment":[{"href":"https:\/\/adrvizsga.hu\/ko\/wp-json\/wp\/v2\/media?parent=8365"}],"curies":[{"name":"wp","href":"https:\/\/api.w.org\/{rel}","templated":true}]}}