{"id":8436,"date":"2021-04-19T10:32:29","date_gmt":"2021-04-19T08:32:29","guid":{"rendered":"https:\/\/adrvizsga.hu\/%e0%a4%b8%e0%a4%82%e0%a4%aa%e0%a4%b0%e0%a5%8d%e0%a4%95\/"},"modified":"2024-08-29T14:17:16","modified_gmt":"2024-08-29T12:17:16","slug":"%e0%a4%b8%e0%a4%82%e0%a4%aa%e0%a4%b0%e0%a5%8d%e0%a4%95","status":"publish","type":"page","link":"https:\/\/adrvizsga.hu\/hi\/%e0%a4%b8%e0%a4%82%e0%a4%aa%e0%a4%b0%e0%a5%8d%e0%a4%95\/","title":{"rendered":"\u0938\u0902\u092a\u0930\u094d\u0915"},"content":{"rendered":"\t\t<div data-elementor-type=\"wp-page\" data-elementor-id=\"8436\" class=\"elementor elementor-8436 elementor-1705\">\n\t\t\t\t\t\t<section class=\"elementor-section elementor-top-section elementor-element elementor-element-bf2d295 elementor-section-boxed elementor-section-height-default elementor-section-height-default\" data-id=\"bf2d295\" data-element_type=\"section\" data-settings=\"{&quot;background_background&quot;:&quot;classic&quot;}\">\n\t\t\t\t\t\t<div class=\"elementor-container elementor-column-gap-default\">\n\t\t\t\t\t<div class=\"elementor-column elementor-col-100 elementor-top-column elementor-element elementor-element-3f48a10\" data-id=\"3f48a10\" data-element_type=\"column\">\n\t\t\t<div class=\"elementor-widget-wrap elementor-element-populated\">\n\t\t\t\t\t\t<div class=\"elementor-element elementor-element-94d10e2 elementor-widget elementor-widget-heading\" data-id=\"94d10e2\" data-element_type=\"widget\" data-widget_type=\"heading.default\">\n\t\t\t\t<div class=\"elementor-widget-container\">\n\t\t\t<style>\/*! elementor - v3.23.0 - 05-08-2024 *\/\n.elementor-heading-title{padding:0;margin:0;line-height:1}.elementor-widget-heading .elementor-heading-title[class*=elementor-size-]>a{color:inherit;font-size:inherit;line-height:inherit}.elementor-widget-heading .elementor-heading-title.elementor-size-small{font-size:15px}.elementor-widget-heading .elementor-heading-title.elementor-size-medium{font-size:19px}.elementor-widget-heading .elementor-heading-title.elementor-size-large{font-size:29px}.elementor-widget-heading .elementor-heading-title.elementor-size-xl{font-size:39px}.elementor-widget-heading .elementor-heading-title.elementor-size-xxl{font-size:59px}<\/style><h2 class=\"elementor-heading-title elementor-size-default\">\u0938\u0902\u092a\u0930\u094d\u0915<\/h2>\t\t<\/div>\n\t\t\t\t<\/div>\n\t\t\t\t<div class=\"elementor-element elementor-element-86fe665 elementor-widget elementor-widget-text-editor\" data-id=\"86fe665\" data-element_type=\"widget\" data-widget_type=\"text-editor.default\">\n\t\t\t\t<div class=\"elementor-widget-container\">\n\t\t\t<style>\/*! elementor - v3.23.0 - 05-08-2024 *\/\n.elementor-widget-text-editor.elementor-drop-cap-view-stacked .elementor-drop-cap{background-color:#69727d;color:#fff}.elementor-widget-text-editor.elementor-drop-cap-view-framed .elementor-drop-cap{color:#69727d;border:3px solid;background-color:transparent}.elementor-widget-text-editor:not(.elementor-drop-cap-view-default) .elementor-drop-cap{margin-top:8px}.elementor-widget-text-editor:not(.elementor-drop-cap-view-default) .elementor-drop-cap-letter{width:1em;height:1em}.elementor-widget-text-editor .elementor-drop-cap{float:left;text-align:center;line-height:1;font-size:50px}.elementor-widget-text-editor .elementor-drop-cap-letter{display:inline-block}<\/style>\t\t\t\t<p>\u0905\u092a\u0928\u0940 \u0938\u0915\u094d\u0930\u093f\u092f \u092d\u093e\u0917\u0940\u0926\u093e\u0930\u0940 \u0938\u0947 \u0936\u093f\u0915\u094d\u0937\u0923 \u0915\u094b \u0914\u0930 \u092d\u0940 \u0905\u0927\u093f\u0915 \u092a\u094d\u0930\u092d\u093e\u0935\u0940 \u092c\u0928\u093e\u090f\u0902!<\/p>\n\t\t\t\t\t\t<\/div>\n\t\t\t\t<\/div>\n\t\t\t\t\t<\/div>\n\t\t<\/div>\n\t\t\t\t\t<\/div>\n\t\t<\/section>\n\t\t\t\t<section class=\"elementor-section elementor-top-section elementor-element elementor-element-07720b1 elementor-section-content-middle elementor-section-boxed elementor-section-height-default elementor-section-height-default\" data-id=\"07720b1\" data-element_type=\"section\">\n\t\t\t\t\t\t<div class=\"elementor-container elementor-column-gap-wider\">\n\t\t\t\t\t<div class=\"elementor-column elementor-col-50 elementor-top-column elementor-element elementor-element-1980103\" data-id=\"1980103\" data-element_type=\"column\">\n\t\t\t<div class=\"elementor-widget-wrap elementor-element-populated\">\n\t\t\t\t\t\t<div class=\"elementor-element elementor-element-7f0e8ac elementor-widget elementor-widget-heading\" data-id=\"7f0e8ac\" data-element_type=\"widget\" data-widget_type=\"heading.default\">\n\t\t\t\t<div class=\"elementor-widget-container\">\n\t\t\t<h2 class=\"elementor-heading-title elementor-size-default\">\u0911\u0928\u0932\u093e\u0907\u0928 \u0936\u093f\u0915\u094d\u0937\u0923 24 \u0918\u0902\u091f\u0947 \u0909\u092a\u0932\u092c\u094d\u0927 \u0939\u0948\u0964<\/h2>\t\t<\/div>\n\t\t\t\t<\/div>\n\t\t\t\t<div class=\"elementor-element elementor-element-4bbd885 elementor-widget elementor-widget-html\" data-id=\"4bbd885\" data-element_type=\"widget\" data-widget_type=\"html.default\">\n\t\t\t\t<div class=\"elementor-widget-container\">\n\t\t\t<!DOCTYPE html><html><style>form {\n       padding: 10px;\n    }\n    :placeholder {\n        color: rgba(10, 8, 59, 0.5);\n    }\n    label {\n        color: #0A083B;\n        font-family: Inter;\n        font-size: 16px;\n        line-height: 24px;\n        font-weight: 600;\n    }\n    input {\n        padding: 20px 25px;\n        margin: 10px 0 0px;\n        border: 2px solid #E8E7ED;\n        border-radius: 6px;\n    }\n    input:focus, textarea:focus {\n        outline: 0;\n    }\n    input[type=\"text\"],input[type=\"email\"] {\n         width: 100%;\n        font-family: Inter;\n        font-weight: 400;\n        font-size: 16px;\n        line-height: 19px;\n        color: rgba(10, 8, 59, 0.50);\n    }\n    textarea {\n        width: 100%;\n        height: 135px;\n        padding: 20px 25px;\n        margin: 10px 0 0px;\n        border: 2px solid #E8E7ED;\n        border-radius: 6px;\n        font-family: Inter;\n        font-weight: 400;\n        font-size: 16px;\n        line-height: 19px;\n    }\n    .form-button {\n        font-family: Inter;\n        font-weight: 600;\n        font-size: 16px;\n        line-height: 19px;\n        padding: 16px 34px;\n        color: #fff;\n        background-color: #1950D1;\n        border-radius: 33px;\n        cursor: pointer;\n        float: right;\n        margin-top: 40px;\n    }\n    .form-button:hover {\n        background-color: #175CFF;\n        transition: .6s;\n    }\n    @media (max-width:768px) {\n        input {\n        padding: 15px 15px;\n    }\n    input[type=\"text\"],input[type=\"email\"] {\n        font-size: 14px;\n        line-height: 19px;\n    }\n     textarea {\n        font-size: 14px;\n         padding: 15px 15px;\n         height: 100px;\n    }\n    }\n    \n    <\/style><body><form action=\"\/action_page.php\"><label for=\"fname\">N\u00e9v <\/label><br\/><input type=\"text\" name=\"fname\" id=\"fname\" value=\"\" placeholder=\"Hogy sz\u00f3l\u00edthatunk?\"><br\/><br\/><label for=\"email\">Email <\/label><br\/><input type=\"email\" name=\"email\" id=\"email\" value=\"\" placeholder=\"Hova k\u00fcldj\u00fck a v\u00e1laszt?\"> <br\/> <br\/><label for=\"fname\">T\u00e1rgy <\/label><br\/><input type=\"text\" name=\"fname\" id=\"fname\" value=\"\" placeholder=\"T\u00e1rgy vagy telefonsz\u00e1m\"><br\/><br\/><label for=\"text\"> \u00dczenet <\/label><br\/><textarea placeholder=\"Miben tudunk seg\u00edteni?\" rows=\"7\"><\/textarea><a href=\"#\" class=\"form-button\">\u00dczenet k\u00fcld\u00e9se<\/a><\/form><\/body><\/html>\t\t<\/div>\n\t\t\t\t<\/div>\n\t\t\t\t\t<\/div>\n\t\t<\/div>\n\t\t\t\t<div class=\"elementor-column elementor-col-50 elementor-top-column elementor-element elementor-element-324f620\" data-id=\"324f620\" data-element_type=\"column\">\n\t\t\t<div class=\"elementor-widget-wrap elementor-element-populated\">\n\t\t\t\t\t\t<div class=\"elementor-element elementor-element-d71e495 elementor-widget elementor-widget-heading\" data-id=\"d71e495\" data-element_type=\"widget\" data-widget_type=\"heading.default\">\n\t\t\t\t<div class=\"elementor-widget-container\">\n\t\t\t<h2 class=\"elementor-heading-title elementor-size-default\">\u0939\u092e\u0947\u0902 \u090f\u0915 \u092b\u094b\u0928 \u0915\u0930 \u0926\u0947\u0928\u093e!<\/h2>\t\t<\/div>\n\t\t\t\t<\/div>\n\t\t\t\t<div class=\"elementor-element elementor-element-af23869 elementor-widget elementor-widget-text-editor\" data-id=\"af23869\" data-element_type=\"widget\" data-widget_type=\"text-editor.default\">\n\t\t\t\t<div class=\"elementor-widget-container\">\n\t\t\t\t\t\t\t<p>+36704116696<\/p>\n\t\t\t\t\t\t<\/div>\n\t\t\t\t<\/div>\n\t\t\t\t<div class=\"elementor-element elementor-element-27322d6 elementor-widget elementor-widget-heading\" data-id=\"27322d6\" data-element_type=\"widget\" data-widget_type=\"heading.default\">\n\t\t\t\t<div class=\"elementor-widget-container\">\n\t\t\t<h2 class=\"elementor-heading-title elementor-size-default\">\u0939\u092e\u0947\u0902 \u090f\u0915 \u0908\u092e\u0947\u0932 \u0932\u093f\u0916\u0947\u0902!<\/h2>\t\t<\/div>\n\t\t\t\t<\/div>\n\t\t\t\t<div class=\"elementor-element elementor-element-c1b82db elementor-widget elementor-widget-text-editor\" data-id=\"c1b82db\" data-element_type=\"widget\" data-widget_type=\"text-editor.default\">\n\t\t\t\t<div class=\"elementor-widget-container\">\n\t\t\t\t\t\t\t<p>ravigakft@gmail.com<\/p><\/p>\n\t\t\t\t\t\t<\/div>\n\t\t\t\t<\/div>\n\t\t\t\t\t<\/div>\n\t\t<\/div>\n\t\t\t\t\t<\/div>\n\t\t<\/section>\n\t\t\t\t<\/div>\n\t\t","protected":false},"excerpt":{"rendered":"<p>\u0938\u0902\u092a\u0930\u094d\u0915 \u0905\u092a\u0928\u0940 \u0938\u0915\u094d\u0930\u093f\u092f \u092d\u093e\u0917\u0940\u0926\u093e\u0930\u0940 \u0938\u0947 \u0936\u093f\u0915\u094d\u0937\u0923 \u0915\u094b \u0914\u0930 \u092d\u0940 \u0905\u0927\u093f\u0915 \u092a\u094d\u0930\u092d\u093e\u0935\u0940 \u092c\u0928\u093e\u090f\u0902! \u0911\u0928\u0932\u093e\u0907\u0928 \u0936\u093f\u0915\u094d\u0937\u0923 24 \u0918\u0902\u091f\u0947 \u0909\u092a\u0932\u092c\u094d\u0927 \u0939\u0948\u0964 N\u00e9v Email<\/p>\n","protected":false},"author":1,"featured_media":0,"parent":0,"menu_order":0,"comment_status":"closed","ping_status":"closed","template":"elementor_header_footer","meta":{"_tutorstarter_page_metadata":[],"footnotes":""},"class_list":["post-8436","page","type-page","status-publish","hentry"],"_links":{"self":[{"href":"https:\/\/adrvizsga.hu\/hi\/wp-json\/wp\/v2\/pages\/8436","targetHints":{"allow":["GET"]}}],"collection":[{"href":"https:\/\/adrvizsga.hu\/hi\/wp-json\/wp\/v2\/pages"}],"about":[{"href":"https:\/\/adrvizsga.hu\/hi\/wp-json\/wp\/v2\/types\/page"}],"author":[{"embeddable":true,"href":"https:\/\/adrvizsga.hu\/hi\/wp-json\/wp\/v2\/users\/1"}],"replies":[{"embeddable":true,"href":"https:\/\/adrvizsga.hu\/hi\/wp-json\/wp\/v2\/comments?post=8436"}],"version-history":[{"count":1,"href":"https:\/\/adrvizsga.hu\/hi\/wp-json\/wp\/v2\/pages\/8436\/revisions"}],"predecessor-version":[{"id":8438,"href":"https:\/\/adrvizsga.hu\/hi\/wp-json\/wp\/v2\/pages\/8436\/revisions\/8438"}],"wp:attachment":[{"href":"https:\/\/adrvizsga.hu\/hi\/wp-json\/wp\/v2\/media?parent=8436"}],"curies":[{"name":"wp","href":"https:\/\/api.w.org\/{rel}","templated":true}]}}